{"id":6,"date":"2022-12-06T09:24:07","date_gmt":"2022-12-06T09:24:07","guid":{"rendered":"https:\/\/volkstanz.com\/wordpress\/?page_id=6"},"modified":"2026-02-27T13:51:44","modified_gmt":"2026-02-27T13:51:44","slug":"danzhochdrei","status":"publish","type":"page","link":"https:\/\/danzhochdrei.singtanzspiel.de\/","title":{"rendered":"Danz\u00b3 &#8211; sei dabei"},"content":{"rendered":"\n<p>Eine dritte Auflage von Danz\u00b3 ist f\u00fcr 2027 geplant. Wieder mit drei parallelen Kursen. Im Kurs f\u00fcr Fortgeschrittene und Tanzleiter sind diesmal Tanzneusch\u00f6pfungen geplant.<\/p>\n\n\n\n<p>Details folgen.<\/p>\n\n\n\n<hr class=\"wp-block-separator has-alpha-channel-opacity\"\/>\n\n\n\n<p>Nach der erfolgreichen Premiere geht der Landesverband mit Danz\u00b3 in die zweite Runde. Gleich drei Volkstanzkurse mit Schwerpunkt Baden-W\u00fcrttemberg bieten wir Euch parallel an. Und alle drei mit Livemusik.<\/p>\n\n\n\n<p>Hier geht&#8217;s direkt zur Anmeldung.<\/p>\n\n\n\n<h3 class=\"wp-block-heading has-text-color\" style=\"color:#8cb63c\">Wann &amp; Wo?<\/h3>\n\n\n\n<p>Die zweite Ausgabe findet statt am <strong>24.\/25. Mai 2025<\/strong> wieder in der <a href=\"https:\/\/www.jugendherberge.de\/jugendherbergen\/sonnenbuehl-erpfingen-122\/\" target=\"_blank\" rel=\"noreferrer noopener\">Jugendherberge Erpfingen<\/a> auf der Schw\u00e4bischen Alb.<\/p>\n\n\n\n<p><\/p>\n\n\n\n<h3 class=\"wp-block-heading has-text-color\" style=\"color:#8cb63c\">Danz\u00b9Kurs f\u00fcr Kinder- und Jugendleiter<\/h3>\n\n\n\n<blockquote class=\"wp-block-quote is-layout-flow wp-block-quote-is-layout-flow\">\n<p>Du m\u00f6chtest eine Kinder- oder Jugendgruppe leiten?<br>Du leitest schon eine Gruppe, m\u00f6chtest aber neue Impulse?<br>Du hast Spa\u00df am Austausch mit Gleichgesinnten?<\/p>\n\n\n\n<p>Dann melde dich zum Kurs an und habe 2 Tage lang&nbsp;Spa\u00df&nbsp;mit&nbsp;uns.<\/p>\n\n\n\n<p><strong>Leitung: Ursel Hohner, Aldingen<br>Musikant: Johannes Christl, Freiburg<\/strong><\/p>\n<\/blockquote>\n\n\n\n<h3 class=\"wp-block-heading has-text-color\" style=\"color:#8cb63c\">Danz<sup>2<\/sup>Kurs f\u00fcr Basis und Improvisation<\/h3>\n\n\n\n<blockquote class=\"wp-block-quote is-layout-flow wp-block-quote-is-layout-flow\">\n<p>Eine solide Basis f\u00fcr unsere s\u00fcddeutschen T\u00e4nze bildet der sichere Umgang mit Grund- und Rundtanzformen. Bei diesem Kursinhalt bietet sich f\u00fcr Einsteiger oder \u201ealte Hasen\u201c die M\u00f6glichkeit, einen Grundstock an t\u00e4nzerischem R\u00fcstzeug zu legen oder diesen zu erweitern. Der Kurs ist auch f\u00fcr Tanzleiter interessant, um Grundschritte in ihren Gruppen weiterzugeben. Auch die t\u00e4nzerische Kreativit\u00e4t soll durch Improvisationsgelegenheiten gef\u00f6rdert werden.<\/p>\n\n\n\n<p><strong>Leitung: Stefan Christl und Christa Weiler, Stuttgart<br>Musikant: Holger Haga, Herbertingen<\/strong><\/p>\n<\/blockquote>\n\n\n\n<h3 class=\"wp-block-heading has-text-color\" style=\"color:#8cb63c\">Danz\u00b3Kurs f\u00fcr Fortgeschrittene und Tanzleiter<\/h3>\n\n\n\n<blockquote class=\"wp-block-quote is-layout-flow wp-block-quote-is-layout-flow\">\n<p>Wir besch\u00e4ftigen uns mit mehreren Themen:<\/p>\n\n\n\n<p>Zum einen wollen wir schauen, wie wir Volkst\u00e4nze auch mit nicht mehr ganz so jungen altersgerecht tanzen &#8211; ohne dabei den Schwung und das T\u00e4nzerische zu verlieren.<\/p>\n\n\n\n<p>Zweites Thema sind Auftanz und Polonaise &#8211; wie f\u00fchre ich den Auftanz an, welche Figuren sind m\u00f6glich und wie h\u00e4ngen diese von Platz und Anzahl der T\u00e4nzer ab.<\/p>\n\n\n\n<p>Als drittes wollen wir Tanzbeschreibungen lesen und umsetzen &#8211; vielleicht auch selbst eine schreiben&#8230;<\/p>\n\n\n\n<p><strong>Leitung: Ursula Brenner, Heilbronn<\/strong><br>                  <strong>Klaus Fink, Sulz am Neckar<br>Musikant: Thomas Walker, Mittelstadt<\/strong><\/p>\n<\/blockquote>\n\n\n\n<h3 class=\"wp-block-heading has-text-color\" style=\"color:#8cb63c\">Organisatorisches<\/h3>\n\n\n\n<blockquote class=\"wp-block-quote is-layout-flow wp-block-quote-is-layout-flow\">\n<p><strong>Beginn<\/strong>: Samstag, 24. Mai 2025, 10 Uhr<br><strong>Ende<\/strong>: Sonntag, 25. Mai 2025, 16 Uhr<\/p>\n\n\n\n<p><strong>Anmeldeschlu\u00df<\/strong>: Donnerstag, 3. April 2025<\/p>\n\n\n\n<p><strong>Mindestalter<\/strong>: 16 Jahre, in begr\u00fcndeten Ausnahmef\u00e4llen auch j\u00fcnger<\/p>\n\n\n\n<p><strong>Kosten<\/strong>:<br>100 \u20ac f\u00fcr Vollzahler<br>90 \u20ac f\u00fcr Jugendliche, Sch\u00fcler, Studenten, FSJler<br>Mitglieder der Verb\u00e4nde im Landesverband erhalten einen Rabatt von 10 \u20ac<\/p>\n\n\n\n<p><strong>Ort<\/strong>: Jugendherberge Erpfingen, Auf der Reute 1, 72820&nbsp;&nbsp;Sonnenb\u00fchl-Erpfingen<\/p>\n\n\n\n<p><strong>Veranstalter<\/strong>: <a href=\"https:\/\/www.trachtenverband-bw.de\">Landesverband der Heimat- und Trachtenverb\u00e4nde Baden-W\u00fcrttemberg e.V.<\/a><\/p>\n\n\n\n<p><strong>Durchf\u00fchrung<\/strong>: <a href=\"https:\/\/www.singtanzspiel.de\">Arbeitsgemeinschaft der Sing- Tanz- und Spielkreise in Baden-W\u00fcrttemberg e.V.<\/a><\/p>\n\n\n\n<p><strong>Gesamtleitung<\/strong>: Klaus Fink, Sulz am Neckar<br><strong>Organisation<\/strong>: Reinhold Frank, Stuttgart<\/p>\n\n\n\n<p><strong>Fragen<\/strong>: <a href=\"https:\/\/danzhochdrei.singtanzspiel.de\/index.php\/danzhochdrei\/danzhochdrei-fragen\/\">Zum Kontaktformular<\/a><\/p>\n<\/blockquote>\n","protected":false},"excerpt":{"rendered":"<p>Eine dritte Auflage von Danz\u00b3 ist f\u00fcr 2027 geplant. Wieder mit drei parallelen Kursen. Im Kurs f\u00fcr Fortgeschrittene und Tanzleiter sind diesmal Tanzneusch\u00f6pfungen geplant. Details folgen. Nach der erfolgreichen Premiere geht der Landesverband mit Danz\u00b3 in die zweite Runde. Gleich drei Volkstanzkurse mit Schwerpunkt Baden-W\u00fcrttemberg bieten wir Euch parallel an. Und alle drei mit Livemusik. [&hellip;]<\/p>\n","protected":false},"author":1,"featured_media":0,"parent":0,"menu_order":0,"comment_status":"closed","ping_status":"closed","template":"","meta":{"footnotes":""},"class_list":["post-6","page","type-page","status-publish","hentry"],"yoast_head":"<!-- This site is optimized with the Yoast SEO plugin v27.0 - https:\/\/yoast.com\/product\/yoast-seo-wordpress\/ -->\n<title>Danz\u00b3 - sei dabei - Danz\u00b3 sei dabei<\/title>\n<meta name=\"description\" content=\"Danz\u00b3 - sei dabei - Volkstanzseminar des Landesverbandes der Heimat- und Trachtenverb\u00e4nde Baden-W\u00fcrttemberg\" \/>\n<meta name=\"robots\" content=\"index, follow, max-snippet:-1, max-image-preview:large, max-video-preview:-1\" \/>\n<link rel=\"canonical\" href=\"https:\/\/danzhochdrei.singtanzspiel.de\/\" \/>\n<meta property=\"og:locale\" content=\"de_DE\" \/>\n<meta property=\"og:type\" content=\"article\" \/>\n<meta property=\"og:title\" content=\"Danz\u00b3 - sei dabei - Danz\u00b3 sei dabei\" \/>\n<meta property=\"og:description\" content=\"Danz\u00b3 - sei dabei - Volkstanzseminar des Landesverbandes der Heimat- und Trachtenverb\u00e4nde Baden-W\u00fcrttemberg\" \/>\n<meta property=\"og:url\" content=\"https:\/\/danzhochdrei.singtanzspiel.de\/\" \/>\n<meta property=\"og:site_name\" content=\"Danz\u00b3\" \/>\n<meta property=\"article:modified_time\" content=\"2026-02-27T13:51:44+00:00\" \/>\n<meta name=\"twitter:card\" content=\"summary_large_image\" \/>\n<meta name=\"twitter:label1\" content=\"Gesch\u00e4tzte Lesezeit\" \/>\n\t<meta name=\"twitter:data1\" content=\"1\u00a0Minute\" \/>\n<script type=\"application\/ld+json\" class=\"yoast-schema-graph\">{\"@context\":\"https:\/\/schema.org\",\"@graph\":[{\"@type\":\"WebPage\",\"@id\":\"https:\/\/danzhochdrei.singtanzspiel.de\/\",\"url\":\"https:\/\/danzhochdrei.singtanzspiel.de\/\",\"name\":\"Danz\u00b3 - sei dabei - Danz\u00b3 sei dabei\",\"isPartOf\":{\"@id\":\"https:\/\/danzhochdrei.singtanzspiel.de\/#website\"},\"datePublished\":\"2022-12-06T09:24:07+00:00\",\"dateModified\":\"2026-02-27T13:51:44+00:00\",\"description\":\"Danz\u00b3 - sei dabei - Volkstanzseminar des Landesverbandes der Heimat- und Trachtenverb\u00e4nde Baden-W\u00fcrttemberg\",\"breadcrumb\":{\"@id\":\"https:\/\/danzhochdrei.singtanzspiel.de\/#breadcrumb\"},\"inLanguage\":\"de\",\"potentialAction\":[{\"@type\":\"ReadAction\",\"target\":[\"https:\/\/danzhochdrei.singtanzspiel.de\/\"]}]},{\"@type\":\"BreadcrumbList\",\"@id\":\"https:\/\/danzhochdrei.singtanzspiel.de\/#breadcrumb\",\"itemListElement\":[{\"@type\":\"ListItem\",\"position\":1,\"name\":\"Startseite\",\"item\":\"https:\/\/danzhochdrei.singtanzspiel.de\/\"},{\"@type\":\"ListItem\",\"position\":2,\"name\":\"Danz\u00b3 &#8211; sei dabei\"}]},{\"@type\":\"WebSite\",\"@id\":\"https:\/\/danzhochdrei.singtanzspiel.de\/#website\",\"url\":\"https:\/\/danzhochdrei.singtanzspiel.de\/\",\"name\":\"Danz\u00b3\",\"description\":\"sei dabei\",\"potentialAction\":[{\"@type\":\"SearchAction\",\"target\":{\"@type\":\"EntryPoint\",\"urlTemplate\":\"https:\/\/danzhochdrei.singtanzspiel.de\/?s={search_term_string}\"},\"query-input\":{\"@type\":\"PropertyValueSpecification\",\"valueRequired\":true,\"valueName\":\"search_term_string\"}}],\"inLanguage\":\"de\"}]}<\/script>\n<!-- \/ Yoast SEO plugin. -->","yoast_head_json":{"title":"Danz\u00b3 - sei dabei - Danz\u00b3 sei dabei","description":"Danz\u00b3 - sei dabei - Volkstanzseminar des Landesverbandes der Heimat- und Trachtenverb\u00e4nde Baden-W\u00fcrttemberg","robots":{"index":"index","follow":"follow","max-snippet":"max-snippet:-1","max-image-preview":"max-image-preview:large","max-video-preview":"max-video-preview:-1"},"canonical":"https:\/\/danzhochdrei.singtanzspiel.de\/","og_locale":"de_DE","og_type":"article","og_title":"Danz\u00b3 - sei dabei - Danz\u00b3 sei dabei","og_description":"Danz\u00b3 - sei dabei - Volkstanzseminar des Landesverbandes der Heimat- und Trachtenverb\u00e4nde Baden-W\u00fcrttemberg","og_url":"https:\/\/danzhochdrei.singtanzspiel.de\/","og_site_name":"Danz\u00b3","article_modified_time":"2026-02-27T13:51:44+00:00","twitter_card":"summary_large_image","twitter_misc":{"Gesch\u00e4tzte Lesezeit":"1\u00a0Minute"},"schema":{"@context":"https:\/\/schema.org","@graph":[{"@type":"WebPage","@id":"https:\/\/danzhochdrei.singtanzspiel.de\/","url":"https:\/\/danzhochdrei.singtanzspiel.de\/","name":"Danz\u00b3 - sei dabei - Danz\u00b3 sei dabei","isPartOf":{"@id":"https:\/\/danzhochdrei.singtanzspiel.de\/#website"},"datePublished":"2022-12-06T09:24:07+00:00","dateModified":"2026-02-27T13:51:44+00:00","description":"Danz\u00b3 - sei dabei - Volkstanzseminar des Landesverbandes der Heimat- und Trachtenverb\u00e4nde Baden-W\u00fcrttemberg","breadcrumb":{"@id":"https:\/\/danzhochdrei.singtanzspiel.de\/#breadcrumb"},"inLanguage":"de","potentialAction":[{"@type":"ReadAction","target":["https:\/\/danzhochdrei.singtanzspiel.de\/"]}]},{"@type":"BreadcrumbList","@id":"https:\/\/danzhochdrei.singtanzspiel.de\/#breadcrumb","itemListElement":[{"@type":"ListItem","position":1,"name":"Startseite","item":"https:\/\/danzhochdrei.singtanzspiel.de\/"},{"@type":"ListItem","position":2,"name":"Danz\u00b3 &#8211; sei dabei"}]},{"@type":"WebSite","@id":"https:\/\/danzhochdrei.singtanzspiel.de\/#website","url":"https:\/\/danzhochdrei.singtanzspiel.de\/","name":"Danz\u00b3","description":"sei dabei","potentialAction":[{"@type":"SearchAction","target":{"@type":"EntryPoint","urlTemplate":"https:\/\/danzhochdrei.singtanzspiel.de\/?s={search_term_string}"},"query-input":{"@type":"PropertyValueSpecification","valueRequired":true,"valueName":"search_term_string"}}],"inLanguage":"de"}]}},"_links":{"self":[{"href":"https:\/\/danzhochdrei.singtanzspiel.de\/index.php\/wp-json\/wp\/v2\/pages\/6","targetHints":{"allow":["GET"]}}],"collection":[{"href":"https:\/\/danzhochdrei.singtanzspiel.de\/index.php\/wp-json\/wp\/v2\/pages"}],"about":[{"href":"https:\/\/danzhochdrei.singtanzspiel.de\/index.php\/wp-json\/wp\/v2\/types\/page"}],"author":[{"embeddable":true,"href":"https:\/\/danzhochdrei.singtanzspiel.de\/index.php\/wp-json\/wp\/v2\/users\/1"}],"replies":[{"embeddable":true,"href":"https:\/\/danzhochdrei.singtanzspiel.de\/index.php\/wp-json\/wp\/v2\/comments?post=6"}],"version-history":[{"count":38,"href":"https:\/\/danzhochdrei.singtanzspiel.de\/index.php\/wp-json\/wp\/v2\/pages\/6\/revisions"}],"predecessor-version":[{"id":125,"href":"https:\/\/danzhochdrei.singtanzspiel.de\/index.php\/wp-json\/wp\/v2\/pages\/6\/revisions\/125"}],"wp:attachment":[{"href":"https:\/\/danzhochdrei.singtanzspiel.de\/index.php\/wp-json\/wp\/v2\/media?parent=6"}],"curies":[{"name":"wp","href":"https:\/\/api.w.org\/{rel}","templated":true}]}}